{"id":193,"date":"2020-12-02T18:38:22","date_gmt":"2020-12-02T17:38:22","guid":{"rendered":"http:\/\/www.amatis-handpans.com\/?page_id=193"},"modified":"2021-02-25T21:28:38","modified_gmt":"2021-02-25T20:28:38","slug":"amatis-players","status":"publish","type":"page","link":"http:\/\/www.amatis-handpans.com\/?page_id=193","title":{"rendered":"Amatis Players"},"content":{"rendered":"\n<figure class=\"wp-block-image size-large is-resized\"><img loading=\"lazy\" src=\"http:\/\/www.amatis-handpans.com\/wp-content\/uploads\/2020\/12\/kesting.jpg\" alt=\"Anno Kesting\" class=\"wp-image-199\" width=\"296\" height=\"401\" srcset=\"http:\/\/www.amatis-handpans.com\/wp-content\/uploads\/2020\/12\/kesting.jpg 300w, http:\/\/www.amatis-handpans.com\/wp-content\/uploads\/2020\/12\/kesting-222x300.jpg 222w\" sizes=\"(max-width: 296px) 100vw, 296px\" \/><figcaption><span class=\"has-inline-color has-accent-color\">Anno Kesting unterrichtet an der Musikschule Burghausen und an der Berufsfachschule f\u00fcr Musik in Alt\u00f6tting<br>Aus der Besch\u00e4ftigung mit unterschiedlichsten Musikstilen resultiert die interdisziplin\u00e4re Zusammenarbeit mit Jazz-Musikern, mit K\u00fcnstlern aus den Bereichen Performance, Tanztheater, Literatur und Bildender Kunst sowie eigene Ballett- und Theatermusiken. Mehrere CDs sowie Produktionen in- und ausl\u00e4ndischer Radio- und Fernsehanstalten dokumentieren sein Schaffen.<\/span><\/figcaption><\/figure>\n\n\n\n<figure class=\"wp-block-image size-large is-resized\"><img loading=\"lazy\" src=\"http:\/\/www.amatis-handpans.com\/wp-content\/uploads\/2020\/12\/c18ab589-1e2d-4093-a28c-3159278527db.jpg\" alt=\"\" class=\"wp-image-206\" width=\"305\" height=\"406\" srcset=\"http:\/\/www.amatis-handpans.com\/wp-content\/uploads\/2020\/12\/c18ab589-1e2d-4093-a28c-3159278527db.jpg 768w, http:\/\/www.amatis-handpans.com\/wp-content\/uploads\/2020\/12\/c18ab589-1e2d-4093-a28c-3159278527db-225x300.jpg 225w\" sizes=\"(max-width: 305px) 100vw, 305px\" \/><\/figure>\n\n\n\n<figure class=\"wp-block-image size-large is-resized\"><img loading=\"lazy\" src=\"http:\/\/www.amatis-handpans.com\/wp-content\/uploads\/2020\/12\/988f9c64-f2ca-41e4-99ed-e338452f0958-2.jpg\" alt=\"\" class=\"wp-image-209\" width=\"297\" height=\"240\"\/><figcaption>Michael H\u00f6rtnagl \/ Schlagzeuglehrer bei Tiroler Musikschulwerk<\/figcaption><\/figure>\n\n\n\n<figure class=\"wp-block-image size-large is-resized\"><img loading=\"lazy\" src=\"http:\/\/www.amatis-handpans.com\/wp-content\/uploads\/2020\/12\/IMG_1830-1024x576.png\" alt=\"\" class=\"wp-image-220\" width=\"315\" height=\"177\" srcset=\"http:\/\/www.amatis-handpans.com\/wp-content\/uploads\/2020\/12\/IMG_1830-1024x576.png 1024w, http:\/\/www.amatis-handpans.com\/wp-content\/uploads\/2020\/12\/IMG_1830-300x169.png 300w, http:\/\/www.amatis-handpans.com\/wp-content\/uploads\/2020\/12\/IMG_1830-768x432.png 768w, http:\/\/www.amatis-handpans.com\/wp-content\/uploads\/2020\/12\/IMG_1830-1200x675.png 1200w, http:\/\/www.amatis-handpans.com\/wp-content\/uploads\/2020\/12\/IMG_1830.png 1334w\" sizes=\"(max-width: 315px) 100vw, 315px\" \/><figcaption><span class=\"has-inline-color has-accent-color\">Marc Quintino \/ Musiker, P\u00e4dagoge und Instrumentenbauer aus Frankfurt<\/span><\/figcaption><\/figure>\n\n\n\n<p><\/p>\n","protected":false},"excerpt":{"rendered":"","protected":false},"author":3,"featured_media":0,"parent":0,"menu_order":0,"comment_status":"closed","ping_status":"closed","template":"","meta":[],"_links":{"self":[{"href":"http:\/\/www.amatis-handpans.com\/index.php?rest_route=\/wp\/v2\/pages\/193"}],"collection":[{"href":"http:\/\/www.amatis-handpans.com\/index.php?rest_route=\/wp\/v2\/pages"}],"about":[{"href":"http:\/\/www.amatis-handpans.com\/index.php?rest_route=\/wp\/v2\/types\/page"}],"author":[{"embeddable":true,"href":"http:\/\/www.amatis-handpans.com\/index.php?rest_route=\/wp\/v2\/users\/3"}],"replies":[{"embeddable":true,"href":"http:\/\/www.amatis-handpans.com\/index.php?rest_route=%2Fwp%2Fv2%2Fcomments&post=193"}],"version-history":[{"count":16,"href":"http:\/\/www.amatis-handpans.com\/index.php?rest_route=\/wp\/v2\/pages\/193\/revisions"}],"predecessor-version":[{"id":245,"href":"http:\/\/www.amatis-handpans.com\/index.php?rest_route=\/wp\/v2\/pages\/193\/revisions\/245"}],"wp:attachment":[{"href":"http:\/\/www.amatis-handpans.com\/index.php?rest_route=%2Fwp%2Fv2%2Fmedia&parent=193"}],"curies":[{"name":"wp","href":"https:\/\/api.w.org\/{rel}","templated":true}]}}